{"id":14,"date":"2025-05-05T14:37:56","date_gmt":"2025-05-05T12:37:56","guid":{"rendered":"https:\/\/bessboelsbjerg.dk\/?page_id=14"},"modified":"2026-02-01T16:35:33","modified_gmt":"2026-02-01T15:35:33","slug":"forside","status":"publish","type":"page","link":"https:\/\/bessboelsbjerg.dk\/","title":{"rendered":"Forside"},"content":{"rendered":"<!--themify_builder_content-->\n<div id=\"themify_builder_content-14\" data-postid=\"14\" class=\"themify_builder_content themify_builder_content-14 themify_builder tf_clear\">\n                    <div  data-lazy=\"1\" class=\"module_row themify_builder_row tb_g4v4538 tb_first tf_w\">\n                        <div class=\"row_inner col_align_top tb_col_count_3 tf_box tf_rel\">\n                        <div  data-lazy=\"1\" class=\"module_column tb-column col3-1 tb_6ymp538 first\">\n                            <\/div>\n                    <div  data-lazy=\"1\" class=\"module_column tb-column col3-1 tb_2sdi716\">\n                    <!-- module image -->\n<div  class=\"module module-image tb_od8b748 image-top   tf_mw\" data-lazy=\"1\">\n        <div class=\"image-wrap tf_rel tf_mw\">\n            <img loading=\"lazy\" decoding=\"async\" width=\"1080\" height=\"1368\" src=\"https:\/\/bessboelsbjerg.dk\/wp-content\/uploads\/2025\/05\/thumbnail-kopi.jpeg\" class=\"wp-post-image wp-image-28\" title=\"thumbnail-kopi\" alt=\"thumbnail-kopi\" srcset=\"https:\/\/bessboelsbjerg.dk\/wp-content\/uploads\/2025\/05\/thumbnail-kopi.jpeg 1080w, https:\/\/bessboelsbjerg.dk\/wp-content\/uploads\/2025\/05\/thumbnail-kopi-237x300.jpeg 237w, https:\/\/bessboelsbjerg.dk\/wp-content\/uploads\/2025\/05\/thumbnail-kopi-808x1024.jpeg 808w, https:\/\/bessboelsbjerg.dk\/wp-content\/uploads\/2025\/05\/thumbnail-kopi-768x973.jpeg 768w\" sizes=\"auto, (max-width: 1080px) 100vw, 1080px\" \/>    \n        <\/div>\n    <!-- \/image-wrap -->\n    \n        <\/div>\n<!-- \/module image -->        <\/div>\n                    <div  data-lazy=\"1\" class=\"module_column tb-column col3-1 tb_nj5r767 last\">\n                    <!-- module text -->\n<div  class=\"module module-text tb_e6h7868   \" data-lazy=\"1\">\n        <div  class=\"tb_text_wrap\">\n        <h3>\u00a0<\/h3>\n<h3>\u00a0<\/h3>\n<h3>\u00a0<\/h3>\n<h3 style=\"text-align: left;\"><strong>Forsker <\/strong><\/h3>\n<h3 style=\"text-align: left;\"><strong>Ph.d.<\/strong><\/h3>\n<p>\u00a0<\/p>\n<h3 style=\"text-align: left;\">D\u00f8dskultur<\/h3>\n<h3 style=\"text-align: left;\">Bevidsthed<\/h3>\n<h3 style=\"text-align: left;\">Spiritualitet<\/h3>\n<h3 style=\"text-align: left;\">&amp; Eksistens<\/h3>    <\/div>\n<\/div>\n<!-- \/module text -->        <\/div>\n                        <\/div>\n        <\/div>\n                        <div  data-lazy=\"1\" class=\"module_row themify_builder_row tb_ztxe31 tf_w\">\n                        <div class=\"row_inner col_align_top tb_col_count_1 tf_box tf_rel\">\n                        <div  data-lazy=\"1\" class=\"module_column tb-column col-full tb_e7dl31 first\">\n                    <!-- module text -->\n<div  class=\"module module-text tb_vo5t892   \" data-lazy=\"1\">\n        <div  class=\"tb_text_wrap\">\n        <p><span style=\"color: #000080;\"><strong>Som forsker er jeg optaget af at unders\u00f8ge livets store sp\u00f8rgsm\u00e5l ud fra subjektive oplevelser:<\/strong><\/span><\/p>    <\/div>\n<\/div>\n<!-- \/module text -->        <\/div>\n                        <\/div>\n        <\/div>\n                        <div  data-lazy=\"1\" class=\"module_row themify_builder_row tb_pnm867 tf_w\">\n                        <div class=\"row_inner col_align_top tb_col_count_1 tf_box tf_rel\">\n                        <div  data-lazy=\"1\" class=\"module_column tb-column col-full tb_ln7667 first\">\n                    <!-- module text -->\n<div  class=\"module module-text tb_y67c851   \" data-lazy=\"1\">\n        <div  class=\"tb_text_wrap\">\n        <ul>\n<li><span style=\"color: #000080;\">Hvordan det opleves at v\u00e6re d\u00f8ende.<\/span><\/li>\n<li><span style=\"color: #000080;\">Hvordan p\u00e5r\u00f8rende forholder sig til h\u00e5b.<\/span><\/li>\n<li><span style=\"color: #000080;\">Hvordan k\u00e6rlighed og medf\u00f8lelse kan kultiveres.<\/span><\/li>\n<li><span style=\"color: #000080;\">Hvordan bevidsthed bestemmes hos sv\u00e6rt hjerneskadede.<\/span><\/li>\n<\/ul>    <\/div>\n<\/div>\n<!-- \/module text -->        <\/div>\n                        <\/div>\n        <\/div>\n                        <div  data-lazy=\"1\" class=\"module_row themify_builder_row tb_64k0496 tf_w\">\n                        <div class=\"row_inner col_align_top tb_col_count_1 tf_box tf_rel\">\n                        <div  data-lazy=\"1\" class=\"module_column tb-column col-full tb_dal1496 first\">\n                    <!-- module text -->\n<div  class=\"module module-text tb_h8t2605   \" data-lazy=\"1\">\n        <div  class=\"tb_text_wrap\">\n        <p><span style=\"color: #000080;\"><strong>Sp\u00f8rgsm\u00e5lene kredser om det eksistentielle, og hvad det vil sige at v\u00e6re menneske.<\/strong><\/span><\/p>    <\/div>\n<\/div>\n<!-- \/module text -->        <\/div>\n                        <\/div>\n        <\/div>\n                        <div  data-lazy=\"1\" class=\"module_row themify_builder_row tb_sk7810 tf_w\">\n                        <div class=\"row_inner col_align_top tb_col_count_1 tf_box tf_rel\">\n                        <div  data-lazy=\"1\" class=\"module_column tb-column col-full tb_onjt10 first\">\n                    <!-- module text -->\n<div  class=\"module module-text tb_47q9544   \" data-lazy=\"1\">\n        <div  class=\"tb_text_wrap\">\n        <p><span style=\"color: #000080;\">Tit bliver det tydeligt under kriser.<\/span><\/p>\n<p><span style=\"color: #000080;\">Derfor har jeg en fork\u00e6rlighed for at unders\u00f8ge mine sp\u00f8rgsm\u00e5l i medicinske kontekster som kr\u00e6ftbehandling, palliation og neuro-rehabilitering. Men ogs\u00e5 i forbindelse med religi\u00f8s trosud\u00f8velse, spirituel praksis og en individuel s\u00f8gen gennem kunst og natur.<\/span><\/p>\n<p><span style=\"color: #000080;\">Jeg ser f\u00e6llestr\u00e6k imellem, hvordan forskellige tilgange til det eksistentielle kan forst\u00e6rke oplevelsen af forbundethed. Denne f\u00f8lelse kan netop virke lindrende. Som jeg ser det, er det en af de aktive ingredienser i palliation, den helhedsorienterede tilgang til patient og p\u00e5r\u00f8rende, som jeg er fortaler f\u00e5r mere plads i alle forgreninger af sundhedsv\u00e6senet.<\/span><\/p>    <\/div>\n<\/div>\n<!-- \/module text -->        <\/div>\n                        <\/div>\n        <\/div>\n        <\/div>\n<!--\/themify_builder_content-->","protected":false},"excerpt":{"rendered":"<p>\u00a0 \u00a0 \u00a0 Forsker Ph.d. \u00a0 D\u00f8dskultur Bevidsthed Spiritualitet &amp; Eksistens<\/p>\n","protected":false},"author":1,"featured_media":0,"parent":0,"menu_order":0,"comment_status":"closed","ping_status":"closed","template":"","meta":{"footnotes":""},"class_list":["post-14","page","type-page","status-publish","hentry","has-post-title","has-post-date","has-post-category","has-post-tag","has-post-comment","has-post-author",""],"_links":{"self":[{"href":"https:\/\/bessboelsbjerg.dk\/index.php\/wp-json\/wp\/v2\/pages\/14","targetHints":{"allow":["GET"]}}],"collection":[{"href":"https:\/\/bessboelsbjerg.dk\/index.php\/wp-json\/wp\/v2\/pages"}],"about":[{"href":"https:\/\/bessboelsbjerg.dk\/index.php\/wp-json\/wp\/v2\/types\/page"}],"author":[{"embeddable":true,"href":"https:\/\/bessboelsbjerg.dk\/index.php\/wp-json\/wp\/v2\/users\/1"}],"replies":[{"embeddable":true,"href":"https:\/\/bessboelsbjerg.dk\/index.php\/wp-json\/wp\/v2\/comments?post=14"}],"version-history":[{"count":53,"href":"https:\/\/bessboelsbjerg.dk\/index.php\/wp-json\/wp\/v2\/pages\/14\/revisions"}],"predecessor-version":[{"id":163,"href":"https:\/\/bessboelsbjerg.dk\/index.php\/wp-json\/wp\/v2\/pages\/14\/revisions\/163"}],"wp:attachment":[{"href":"https:\/\/bessboelsbjerg.dk\/index.php\/wp-json\/wp\/v2\/media?parent=14"}],"curies":[{"name":"wp","href":"https:\/\/api.w.org\/{rel}","templated":true}]}}