{"id":82,"date":"2025-05-25T18:53:45","date_gmt":"2025-05-25T16:53:45","guid":{"rendered":"https:\/\/bessboelsbjerg.dk\/?page_id=82"},"modified":"2025-06-08T18:48:53","modified_gmt":"2025-06-08T16:48:53","slug":"test","status":"publish","type":"page","link":"https:\/\/bessboelsbjerg.dk\/index.php\/test\/","title":{"rendered":"Test"},"content":{"rendered":"<!--themify_builder_content-->\n<div id=\"themify_builder_content-82\" data-postid=\"82\" class=\"themify_builder_content themify_builder_content-82 themify_builder tf_clear\">\n                    <div  data-lazy=\"1\" class=\"module_row themify_builder_row tb_1vhe416 tb_first tf_w\">\n                        <div class=\"row_inner col_align_top tb_col_count_2 tf_box tf_rel\">\n                        <div  data-lazy=\"1\" class=\"module_column tb-column col4-2 tb_ftz5417 first\">\n                    <!-- module text -->\n<div  class=\"module module-text tb_7her444   \" data-lazy=\"1\">\n        <div  class=\"tb_text_wrap\">\n        <p>Nikolaj Ehlers har vist sin h\u00f8je klasse i de fire VM-kampe, han n\u00e5ede at f\u00e5 ved VM i ishockey. Men i m\u00f8det med Sveriges stjerner m\u00e5tte selv ikke Danmarks m\u00e5ske bedste spiller i historien, give fortabt. Svenskerne vandt bronzekampen klart med 6-2. Foto: 10658 Magnus Lejhall\/Ritzau Scanpix<\/p>    <\/div>\n<\/div>\n<!-- \/module text -->        <\/div>\n                    <div  data-lazy=\"1\" class=\"module_column tb-column col4-2 tb_q4g9417 last\">\n                    <!-- module image -->\n<div  class=\"module module-image tb_q26d860 image-top   tf_mw\" data-lazy=\"1\">\n        <div class=\"image-wrap tf_rel tf_mw\">\n            <img loading=\"lazy\" decoding=\"async\" width=\"960\" height=\"634\" src=\"https:\/\/bessboelsbjerg.dk\/wp-content\/uploads\/2025\/05\/Bess-foto-antologi-2.jpg\" class=\"wp-post-image wp-image-92\" title=\"Screenshot\" alt=\"Screenshot\" srcset=\"https:\/\/bessboelsbjerg.dk\/wp-content\/uploads\/2025\/05\/Bess-foto-antologi-2.jpg 960w, https:\/\/bessboelsbjerg.dk\/wp-content\/uploads\/2025\/05\/Bess-foto-antologi-2-300x198.jpg 300w, https:\/\/bessboelsbjerg.dk\/wp-content\/uploads\/2025\/05\/Bess-foto-antologi-2-768x507.jpg 768w\" sizes=\"auto, (max-width: 960px) 100vw, 960px\" \/>    \n        <\/div>\n    <!-- \/image-wrap -->\n    \n        <\/div>\n<!-- \/module image -->        <\/div>\n                        <\/div>\n        <\/div>\n                        <div  data-lazy=\"1\" class=\"module_row themify_builder_row tb_l818171 tf_w\">\n                        <div class=\"row_inner col_align_top tb_col_count_2 tf_box tf_rel\">\n                        <div  data-lazy=\"1\" class=\"module_column tb-column col4-2 tb_kxuc171 first\">\n                    <!-- module image -->\n<div  class=\"module module-image tb_3jyb149 image-top   tf_mw\" data-lazy=\"1\">\n        <div class=\"image-wrap tf_rel tf_mw\">\n            <img loading=\"lazy\" decoding=\"async\" width=\"978\" height=\"642\" src=\"https:\/\/bessboelsbjerg.dk\/wp-content\/uploads\/2025\/05\/Bess-Foto-Antologi.jpg\" class=\"wp-post-image wp-image-95\" title=\"Screenshot\" alt=\"Screenshot\" srcset=\"https:\/\/bessboelsbjerg.dk\/wp-content\/uploads\/2025\/05\/Bess-Foto-Antologi.jpg 978w, https:\/\/bessboelsbjerg.dk\/wp-content\/uploads\/2025\/05\/Bess-Foto-Antologi-300x197.jpg 300w, https:\/\/bessboelsbjerg.dk\/wp-content\/uploads\/2025\/05\/Bess-Foto-Antologi-768x504.jpg 768w\" sizes=\"auto, (max-width: 978px) 100vw, 978px\" \/>    \n        <\/div>\n    <!-- \/image-wrap -->\n    \n        <\/div>\n<!-- \/module image -->        <\/div>\n                    <div  data-lazy=\"1\" class=\"module_column tb-column col4-2 tb_7cm0171 last\">\n                    <!-- module text -->\n<div  class=\"module module-text tb_oq98372   \" data-lazy=\"1\">\n        <div  class=\"tb_text_wrap\">\n        <p>Whatever! And more!<\/p>    <\/div>\n<\/div>\n<!-- \/module text -->        <\/div>\n                        <\/div>\n        <\/div>\n        <\/div>\n<!--\/themify_builder_content-->","protected":false},"excerpt":{"rendered":"<p>Nikolaj Ehlers har vist sin h\u00f8je klasse i de fire VM-kampe, han n\u00e5ede at f\u00e5 ved VM i ishockey. Men i m\u00f8det med Sveriges stjerner m\u00e5tte selv ikke Danmarks m\u00e5ske bedste spiller i historien, give fortabt. Svenskerne vandt bronzekampen klart med 6-2. Foto: 10658 Magnus Lejhall\/Ritzau Scanpix Whatever! And more!<\/p>\n","protected":false},"author":1,"featured_media":0,"parent":0,"menu_order":0,"comment_status":"closed","ping_status":"closed","template":"","meta":{"footnotes":""},"class_list":["post-82","page","type-page","status-publish","hentry","has-post-title","has-post-date","has-post-category","has-post-tag","has-post-comment","has-post-author",""],"_links":{"self":[{"href":"https:\/\/bessboelsbjerg.dk\/index.php\/wp-json\/wp\/v2\/pages\/82","targetHints":{"allow":["GET"]}}],"collection":[{"href":"https:\/\/bessboelsbjerg.dk\/index.php\/wp-json\/wp\/v2\/pages"}],"about":[{"href":"https:\/\/bessboelsbjerg.dk\/index.php\/wp-json\/wp\/v2\/types\/page"}],"author":[{"embeddable":true,"href":"https:\/\/bessboelsbjerg.dk\/index.php\/wp-json\/wp\/v2\/users\/1"}],"replies":[{"embeddable":true,"href":"https:\/\/bessboelsbjerg.dk\/index.php\/wp-json\/wp\/v2\/comments?post=82"}],"version-history":[{"count":11,"href":"https:\/\/bessboelsbjerg.dk\/index.php\/wp-json\/wp\/v2\/pages\/82\/revisions"}],"predecessor-version":[{"id":110,"href":"https:\/\/bessboelsbjerg.dk\/index.php\/wp-json\/wp\/v2\/pages\/82\/revisions\/110"}],"wp:attachment":[{"href":"https:\/\/bessboelsbjerg.dk\/index.php\/wp-json\/wp\/v2\/media?parent=82"}],"curies":[{"name":"wp","href":"https:\/\/api.w.org\/{rel}","templated":true}]}}